{"id":30,"date":"2014-12-11T18:33:55","date_gmt":"2014-12-11T18:33:55","guid":{"rendered":"http:\/\/pubweb.carnet.hr\/hdjk\/?page_id=30"},"modified":"2019-06-21T22:14:59","modified_gmt":"2019-06-21T22:14:59","slug":"djela-karla-jaspersa","status":"publish","type":"page","link":"https:\/\/karljaspers.hr\/?page_id=30","title":{"rendered":"Djela Karla Jaspersa"},"content":{"rendered":"<p>&nbsp;<\/p>\n<ul>\n<li><i>Heimweh und Verbrechen.<\/i> Univ. Diss., Heidelberg 1909.<\/li>\n<li><i>Allgemeine Psychopathologie. Ein Leitfaden f\u00fcr Studierende, \u00c4rzte und Psychologen, <\/i>Springer, Berlin 1913<i>\u00a0(=<\/i><em><strong>Op\u0107a psihopatologija<\/strong><\/em>,\u00a0Hrvatsko psihijatrijsko dru\u0161tvo &#8211; Klinika za psihijatriju &#8220;Vrap\u010de&#8221; &#8211; Matica hrvatska, Zagreb 2015.).<\/li>\n<li><i>Psychologie der Weltanschauungen.<\/i> Springer, Berlin 1919.<\/li>\n<li><i>Max Weber. Rede bei der von der Heidelberger Studentenschaft am 17. Juli 1920 veranstalteten Trauerfeier<\/i>. Mohr, T\u00fcbingen 1921.<\/li>\n<li><i>Strindberg und van Gogh. Versuch einer pathographischen Analyse unter vergleichender Heranziehung von Swedenborg und von Gogh.<\/i> E. Bircher, Leipzig 1922 (= <em><strong>Strindberg i Van Gogh: poku\u0161aj usporedne patografske analize<\/strong><\/em>, Naklada Ljevak, Zagreb 2004).<\/li>\n<li><i>Die Idee der Universit\u00e4t.<\/i> Springer, Berlin 1923\u00a0(=<em><strong>Ideja univerziteta<\/strong><\/em>, Plato, Beograd 2003).<\/li>\n<li><i>Die geistige Situation der Zeit.<\/i> Berlin\/Leipzig 1931 (=<em><strong>Duhovna situacija vremena<\/strong><\/em>, Matica hrvatska, Zagreb 1998).<\/li>\n<li><i>Max Weber. Deutsches Wesen im politischen Denken Denken, im Forschen und Philosophieren.<\/i> Stalling, Oldenburg i.O. 1932 (unter dem Titel <i>Max Weber. Politiker, Mensch, Philosoph.<\/i> Storm, Bremen 1946; mit neuem Vorwort Piper, M\u00fcnchen 1958).<\/li>\n<li><i>Philosophie<\/i>. 3 B\u00e4nde (I. Philosophische Weltorientierung; II. Existenzerhellung; III. Metaphysik). Springer, Berlin 1932 (=<em><strong>Filozofija<\/strong><\/em>,\u00a0Izdava\u010dka knji\u017earnica Zorana Stojanovi\u0107a, Sremski Karlovci 1989).<\/li>\n<li><i>Vernunft und Existenz.<\/i> Wolters, Groningen 1935 (=<em><strong>Um i egzistencija<\/strong><\/em>, Plato, Beograd 2000)\u00a0.<\/li>\n<li><i>Nietzsche. Einf\u00fchrung in das Verst\u00e4ndnis seines Philosophierens<\/i>. Springer, Berlin 1936.<\/li>\n<li><i>Descartes und die Philosophie<\/i>. Springer, Berlin 1937.<\/li>\n<li><i>Existenzphilosophie. Drei Vorlesungen<\/i>. Berlin: de Gruyter 1938 (=<em><strong>Filozofija egzistencije<\/strong><\/em>, Prosveta, Beograd 1973).<\/li>\n<li><i>Die Schuldfrage<\/i>. Heidelberg\/Z\u00fcrich 1946 (=<em><strong>Pitanje krivnje: O politi\u010dkoj odgovornosti Njema\u010dke<\/strong><\/em>, AGM, Zagreb\u00a02006).<\/li>\n<li><em>Vom lebendigen Geist der Universit\u00e4t und vom Studieren<\/em>.\u00a0L. Schneider, Heidelberg 1946.<\/li>\n<li><i>Nietzsche und das Christentum<\/i>. Hameln 1946.<\/li>\n<li><i>Von der Wahrheit<\/i>. M\u00fcnchen 1947.<\/li>\n<li><em>Vom europ\u00e4ischen Geist<\/em>. Piper,\u00a0M\u00fcnchen 1947.<\/li>\n<li><i>Der philosophische Glaube. F\u00fcnf Vorlesungen<\/i>. M\u00fcnchen\/Z\u00fcrich 1948 (=<strong><em>Filozofska vjera<\/em><\/strong>, Naklada Breza, Zagreb 2011).<\/li>\n<li><em>Unsere Zukunft und Goethe<\/em>. Artemis, Z\u00fcrich 1948.<\/li>\n<li><i>Vom Ursprung und Ziel der Geschichte.<\/i> M\u00fcnchen &amp; Z\u00fcrich 1949.<\/li>\n<li><i>Einf\u00fchrung in die Philosophie. Zw\u00f6lf Radiovortr\u00e4ge<\/i>. Z\u00fcrich 1950 (=<em><strong>Uvod u filozofiju<\/strong><\/em>, Naklada Breza, Zagreb 2012).<\/li>\n<li><i>Vernunft und Widervernunft unserer Zeit. Drei Gastvorlesungen<\/i>. M\u00fcnchen 1950.<\/li>\n<li><i>Rechenschaft und Ausblick. Reden und Aufs\u00e4tze<\/i>. Piper,\u00a0M\u00fcnchen\u00a01951.<\/li>\n<li><em>Vernunft und Widervernunft in unserer Zeit<\/em>.\u00a0Piper,\u00a0M\u00fcnchen 1952.<\/li>\n<li><em>\u00dcber das Tragische<\/em>,\u00a0Piper,\u00a0M\u00fcnchen 1952.<\/li>\n<li><i>Die Frage der Entmythologisierung<\/i>. M\u00fcnchen 1954 (=<em><strong>Pitanje demitologiziranja<\/strong><\/em>, Naklada Breza, Zagreb 2004).<\/li>\n<li><i>Schelling. Gr\u00f6\u00dfe und Verh\u00e4ngnis<\/i>. M\u00fcnchen 1955.<\/li>\n<li><i>Die gro\u00dfen Philosophen<\/i>. Piper, M\u00fcnchen 1957. (=<em><strong>Anaksimander, Heraklit, Parmenid, Plotin, Anselmo, Laoce, Nagar\u0111una<\/strong><\/em>, Naklada &#8220;Vuk Karad\u017ei\u0107&#8221;, Beograd 1988)<\/li>\n<li><i>Die Atombombe und die Zukunft des Menschen<\/i>. M\u00fcnchen\/Z\u00fcrich 1957.<\/li>\n<li><i>Philosophie und Welt. Reden und Aufs\u00e4tze<\/i>. M\u00fcnchen 1958.<\/li>\n<li><i>Wahrheit, Freiheit und Friede<\/i>, gemeinsam mit Hannah Arendt in: <i>Karl Jaspers. Reden zur Verleihung des Friedenspreises des deutschen Buchhandels<\/i>. Piper, M\u00fcnchen 1958.<\/li>\n<li><i>Freiheit und Wiedervereinigung<\/i>. M\u00fcnchen 1960.<\/li>\n<li><em>Wahrheit und Wissenschaft<\/em>.\u00a0Piper,\u00a0M\u00fcnchen 1960.<\/li>\n<li><i>Der philosophische Glaube angesichts der Offenbarung<\/i>. Piper, M\u00fcnchen 1962.<\/li>\n<li><em>\u00dcber Bedingungen und M\u00f6glichkeiten eines neuen Humanismus<\/em>, Reclam, Stuttgart 1962.<\/li>\n<li><em>Lebensfragen der deutschen Politik<\/em>.\u00a0M\u00fcnchen 1963.<\/li>\n<li><em>Die massgebenden Menschen: Sokrates, Buddha, Konfuzius, Jesus<\/em>.\u00a0Piper, M\u00fcnchen 1964\u00a0(=<em><strong>Ljudi sudbine.\u00a0Sokrat, Budha, Konfucije, Isus<\/strong><\/em>, AGM, Zagreb 2008).<\/li>\n<li><i>Nikolaus Cusanus<\/i>, M\u00fcnchen 1964.<\/li>\n<li><i>Kleine Schule des Philosophischen Denkens<\/i>. 13-teilige Vorlesungs-Reihe, BRD 1964;\u00a0Piper, M\u00fcnchen 1965.<\/li>\n<li><i>Hoffnung und Sorge. Schriften zur deutschen Politik 1945\u20131965<\/i>. M\u00fcnchen 1965.<\/li>\n<li><i>Wohin treibt die Bundesrepublik? Tatsachen, Gefahren, Chancen<\/i>. M\u00fcnchen 1966.<\/li>\n<li><i>Zur Kritik meiner Schrift \u201eWohin treibt die Bundesrepublik?\u201c<\/i>. M\u00fcnchen 1967.<\/li>\n<li><i>Schicksal und Wille. Autobiographische Schriften<\/i>. M\u00fcnchen 1967.<\/li>\n<\/ul>\n<p><strong>Iz ostav\u0161tine:<\/strong><\/p>\n<ul>\n<li><em>Aneignung und Polemik<\/em>.\u00a0Piper, M\u00fcnchen 1968.<\/li>\n<li><em>Wahrheit und Leben.\u00a0Gesammelte Reden und Aufs\u00e4tze zur Geschichte der\u00a0Philosophie<\/em>.\u00a0Piper, M\u00fcnchen 1969.<\/li>\n<li><i>Chiffren der Transzendenz<\/i>. Eine Vorlesung aus dem Jahr 1961, M\u00fcnchen 1970\u00a0(=<em><strong>\u0160ifre transcendencije<\/strong><\/em>, Littera, Banja Luka 2011).<\/li>\n<li><i>Kant. Leben, Werk, Wirkung<\/i>. M\u00fcnchen 1975.<\/li>\n<li><i>Was ist Philosophie?<\/i> M\u00fcnchen 1976.<\/li>\n<li><i>Philosophische Autobiographie<\/i>. (Um ein Kapitel zu Heidegger erweiterte Neuausgabe) Piper, M\u00fcnchen 1977 (=<em><strong>Filozofska autobiografija<\/strong><\/em>, Fidelis, Beograd 1996).<\/li>\n<li><i>Notizen zu Martin Heidegger<\/i>. M\u00fcnchen 1978.<\/li>\n<li><i>Die gro\u00dfen Philosophen. Nachlass<\/i>, Bd 1. M\u00fcnchen 1981.<\/li>\n<li><i>Die gro\u00dfen Philosophen. Nachlass<\/i>, Bd 2. M\u00fcnchen 1981.<\/li>\n<li><i>Weltgeschichte der Philosophie<\/i> (Einleitung). M\u00fcnchen 1982 (=<em><strong>Svetska istorija filozofije<\/strong><\/em>, Fedon, Beograd 2008).<\/li>\n<li><i>Wahrheit und Bew\u00e4hrung. Philosophieren f\u00fcr die Praxis.<\/i> M\u00fcnchen\/Z\u00fcrich 1983.<\/li>\n<li>Denkwege. Ein Lesebuch.\u00a0 Piper, M\u00fcnchen 1983.<\/li>\n<li><i>Briefwechsel 1945\u20131968. K. H. Bauer &amp; Karl Jaspers<\/i>, hg. von Renato de Rosa. Springer, Berlin u. a. 1983.<\/li>\n<li><i>Briefwechsel 1926\u20131969. Hannah Arendt &amp; Karl Jaspers<\/i>, hg. von Lotte K\u00f6hler. Piper, M\u00fcnchen\/Z\u00fcrich 1985.<\/li>\n<li><i>Erneuerung der Universit\u00e4t. Reden und Schriften 1945\/46<\/i>, hg. von Renato de Rosa. Lambert Schneider, Heidelberg 1986.<\/li>\n<li><i>Briefwechsel 1920\u20131963. Martin Heidegger &amp; Karl Jaspers<\/i>, hg. von Walter Biemel, Hans Saner. Piper Klostermann, M\u00fcnchen Frankfurt am Main 1990.<\/li>\n<li><i>Nachlass zur Philosophischen Logik<\/i>, hg. von Hans Saner. Piper, M\u00fcnchen 1991.<\/li>\n<li><em>Das Wagnis der Freiheit: gesammelte Aufs\u00e4tze zur Philosophie<\/em>.\u00a0Piper, M\u00fcnchen 1996.<\/li>\n<li><em>Die Unabh\u00e4ngigkeit des philosophierenden Menschen<\/em>.\u00a0DTV Deutscher Taschenbuch,\u00a0M\u00fcnchen 1997.<\/li>\n<li><em>Was ist der Mensch?: philosophisches Denken f\u00fcr alle<\/em>.\u00a0Piper, M\u00fcnchen 2003.<\/li>\n<li><em>Von der Weite des Denkens<\/em>.\u00a0Piper, M\u00fcnchen 2008.<\/li>\n<\/ul>\n","protected":false},"excerpt":{"rendered":"<p>&nbsp; Heimweh und Verbrechen. Univ. Diss., Heidelberg 1909. Allgemeine Psychopathologie. Ein Leitfaden f\u00fcr Studierende, \u00c4rzte und Psychologen, Springer, Berlin 1913\u00a0(=Op\u0107a psihopatologija,\u00a0Hrvatsko psihijatrijsko dru\u0161tvo &#8211; Klinika za psihijatriju &#8220;Vrap\u010de&#8221; &#8211; Matica hrvatska, Zagreb 2015.). Psychologie der Weltanschauungen. Springer, Berlin 1919. Max &hellip;<\/p>\n<p class=\"read-more\"> <a class=\"more-link\" href=\"https:\/\/karljaspers.hr\/?page_id=30\"> <span class=\"screen-reader-text\">Djela Karla Jaspersa<\/span> Read More &raquo;<\/a><\/p>\n","protected":false},"author":95,"featured_media":0,"parent":0,"menu_order":4,"comment_status":"closed","ping_status":"closed","template":"full-width-page.php","meta":{"footnotes":""},"class_list":["post-30","page","type-page","status-publish","hentry"],"_links":{"self":[{"href":"https:\/\/karljaspers.hr\/index.php?rest_route=\/wp\/v2\/pages\/30","targetHints":{"allow":["GET"]}}],"collection":[{"href":"https:\/\/karljaspers.hr\/index.php?rest_route=\/wp\/v2\/pages"}],"about":[{"href":"https:\/\/karljaspers.hr\/index.php?rest_route=\/wp\/v2\/types\/page"}],"author":[{"embeddable":true,"href":"https:\/\/karljaspers.hr\/index.php?rest_route=\/wp\/v2\/users\/95"}],"replies":[{"embeddable":true,"href":"https:\/\/karljaspers.hr\/index.php?rest_route=%2Fwp%2Fv2%2Fcomments&post=30"}],"version-history":[{"count":2,"href":"https:\/\/karljaspers.hr\/index.php?rest_route=\/wp\/v2\/pages\/30\/revisions"}],"predecessor-version":[{"id":159,"href":"https:\/\/karljaspers.hr\/index.php?rest_route=\/wp\/v2\/pages\/30\/revisions\/159"}],"wp:attachment":[{"href":"https:\/\/karljaspers.hr\/index.php?rest_route=%2Fwp%2Fv2%2Fmedia&parent=30"}],"curies":[{"name":"wp","href":"https:\/\/api.w.org\/{rel}","templated":true}]}}